{"id":1611,"date":"2025-02-03T13:34:53","date_gmt":"2025-02-03T11:34:53","guid":{"rendered":"https:\/\/ase.be\/offre\/structures-de-plancher\/"},"modified":"2025-06-11T14:03:35","modified_gmt":"2025-06-11T12:03:35","slug":"structures-de-plancher","status":"publish","type":"page","link":"https:\/\/ase.be\/fr\/offre\/structures-de-plancher\/","title":{"rendered":"Structures de plancher"},"content":{"rendered":"<div class=\"wpb-content-wrapper\"><p>[vc_row][vc_column column_width_percent=\u00a0\u00bb100&Prime; gutter_size=\u00a0\u00bb2&Prime; overlay_alpha=\u00a0\u00bb50&Prime; shift_x=\u00a0\u00bb0&Prime; shift_y=\u00a0\u00bb0&Prime; shift_y_down=\u00a0\u00bb0&Prime; z_index=\u00a0\u00bb0&Prime; medium_width=\u00a0\u00bb0&Prime; mobile_width=\u00a0\u00bb0&Prime; width=\u00a0\u00bb1\/4&Prime; uncode_shortcode_id=\u00a0\u00bb148149&Prime;][vc_custom_heading heading_semantic=\u00a0\u00bbh3&Prime; text_size=\u00a0\u00bbh3&Prime; uncode_shortcode_id=\u00a0\u00bb903331&Prime;]Pr\u00e9cision[\/vc_custom_heading][vc_column_text uncode_shortcode_id=\u00a0\u00bb120348&Prime;]Le syst\u00e8me de plancher est r\u00e9glable en hauteur avec pr\u00e9cision et peut \u00eatre parfaitement align\u00e9 \u00e0 l&rsquo;aide d&rsquo;un \u00e9quipement laser, m\u00eame sur des surfaces irr\u00e9guli\u00e8res. Id\u00e9al pour les structures temporaires et permanentes.[\/vc_column_text][\/vc_column][vc_column column_width_percent=\u00a0\u00bb100&Prime; gutter_size=\u00a0\u00bb2&Prime; overlay_alpha=\u00a0\u00bb50&Prime; shift_x=\u00a0\u00bb0&Prime; shift_y=\u00a0\u00bb0&Prime; shift_y_down=\u00a0\u00bb0&Prime; z_index=\u00a0\u00bb0&Prime; medium_width=\u00a0\u00bb0&Prime; mobile_width=\u00a0\u00bb0&Prime; width=\u00a0\u00bb1\/4&Prime; uncode_shortcode_id=\u00a0\u00bb163604&Prime;][vc_custom_heading heading_semantic=\u00a0\u00bbh3&Prime; text_size=\u00a0\u00bbh3&Prime; uncode_shortcode_id=\u00a0\u00bb203546&Prime;]Efficacit\u00e9[\/vc_custom_heading][vc_column_text uncode_shortcode_id=\u00a0\u00bb162164&Prime;]La conception modulaire permet un montage et un d\u00e9montage rapides, un gain de temps, une r\u00e9duction des co\u00fbts de main-d&rsquo;\u0153uvre et une grande long\u00e9vit\u00e9.[\/vc_column_text][\/vc_column][vc_column column_width_percent=\u00a0\u00bb100&Prime; gutter_size=\u00a0\u00bb2&Prime; overlay_alpha=\u00a0\u00bb50&Prime; shift_x=\u00a0\u00bb0&Prime; shift_y=\u00a0\u00bb0&Prime; shift_y_down=\u00a0\u00bb0&Prime; z_index=\u00a0\u00bb0&Prime; medium_width=\u00a0\u00bb0&Prime; mobile_width=\u00a0\u00bb0&Prime; width=\u00a0\u00bb1\/4&Prime; uncode_shortcode_id=\u00a0\u00bb116614&Prime;][vc_custom_heading heading_semantic=\u00a0\u00bbh3&Prime; text_size=\u00a0\u00bbh3&Prime; uncode_shortcode_id=\u00a0\u00bb139785&Prime;]Polyvalence[\/vc_custom_heading][vc_column_text uncode_shortcode_id=\u00a0\u00bb127438&Prime;]Le syst\u00e8me est flexible pour une vari\u00e9t\u00e9 d&rsquo;applications, y compris les tribunes, les sc\u00e8nes, les stands et les plates-formes. Parfait pour les \u00e9v\u00e9nements, les concerts, les festivals et bien plus encore.[\/vc_column_text][\/vc_column][vc_column column_width_percent=\u00a0\u00bb100&Prime; gutter_size=\u00a0\u00bb2&Prime; overlay_alpha=\u00a0\u00bb50&Prime; shift_x=\u00a0\u00bb0&Prime; shift_y=\u00a0\u00bb0&Prime; shift_y_down=\u00a0\u00bb0&Prime; z_index=\u00a0\u00bb0&Prime; medium_width=\u00a0\u00bb0&Prime; mobile_width=\u00a0\u00bb0&Prime; width=\u00a0\u00bb1\/4&Prime; uncode_shortcode_id=\u00a0\u00bb128455&Prime;][vc_custom_heading heading_semantic=\u00a0\u00bbh3&Prime; text_size=\u00a0\u00bbh3&Prime; uncode_shortcode_id=\u00a0\u00bb856804&Prime;]Sur mesure[\/vc_custom_heading][vc_column_text uncode_shortcode_id=\u00a0\u00bb106823&Prime;]Notre syst\u00e8me de plancher s&rsquo;adapte \u00e0 presque toutes les formes et dimensions et offre \u00e9galement la solution parfaite en termes de robustesse, adapt\u00e9e \u00e0 vos exigences professionnelles.[\/vc_column_text][\/vc_column][\/vc_row][vc_row][vc_column column_width_percent=\u00a0\u00bb100&Prime; position_vertical=\u00a0\u00bbmiddle\u00a0\u00bb gutter_size=\u00a0\u00bb2&Prime; overlay_alpha=\u00a0\u00bb50&Prime; shift_x=\u00a0\u00bb0&Prime; shift_y=\u00a0\u00bb0&Prime; shift_y_down=\u00a0\u00bb0&Prime; z_index=\u00a0\u00bb0&Prime; medium_width=\u00a0\u00bb0&Prime; mobile_width=\u00a0\u00bb0&Prime; width=\u00a0\u00bb1\/2&Prime; uncode_shortcode_id=\u00a0\u00bb173617&Prime;][vc_custom_heading heading_semantic=\u00a0\u00bbh3&Prime; text_size=\u00a0\u00bbh3&Prime; uncode_shortcode_id=\u00a0\u00bb767874&Prime;]Propri\u00e9t\u00e9s[\/vc_custom_heading][vc_column_text uncode_shortcode_id=\u00a0\u00bb137710&Prime;]<\/p>\n<table border=\"1\">\n<tbody>\n<tr>\n<th>Capacit\u00e9 de charge<\/th>\n<td>750 kg\/m\u00b2<\/td>\n<\/tr>\n<tr>\n<th>Norme incendie<\/th>\n<td>Classement au feu FMVSS 302<br \/>\nApprobation 95\/28\/EC<br \/>\nApprobation EN 13501-1 Classe Bfl-s1 pour les sols<\/td>\n<\/tr>\n<tr>\n<th>Type de bois<\/th>\n<td>Bouleau finlandais<\/td>\n<\/tr>\n<tr>\n<th>Finition<\/th>\n<td>Hexafloor antid\u00e9rapant<\/td>\n<\/tr>\n<\/tbody>\n<\/table>\n<p>[\/vc_column_text][vc_column_text uncode_shortcode_id=\u00a0\u00bb198661&Prime;]Le syst\u00e8me se compose d&rsquo;une sous-structure Layher\u00ae All Round de haute qualit\u00e9, sur laquelle est viss\u00e9e une planche de bois durable.[\/vc_column_text][\/vc_column][vc_column width=\u00a0\u00bb1\/2&Prime;][vc_single_image media=\u00a0\u00bb805&Prime; media_width_percent=\u00a0\u00bb100&Prime; uncode_shortcode_id=\u00a0\u00bb136277&Prime;][\/vc_column][\/vc_row][vc_row][vc_column width=\u00a0\u00bb1\/1&Prime;][uncode_block id=\u00a0\u00bb1498&Prime;][\/vc_column][\/vc_row]<\/p>\n<\/div>","protected":false},"excerpt":{"rendered":"<p>Le syst\u00e8me de plancher d&rsquo;ASE est bas\u00e9 sur le c\u00e9l\u00e8bre concept Layher\u00ae All Round, connu pour sa robustesse et sa fiabilit\u00e9 exceptionnelles. Cela garantit une plate-forme stable et s\u00fbre, adapt\u00e9e \u00e0 une vari\u00e9t\u00e9 d&rsquo;applications. <\/p>\n","protected":false},"author":2,"featured_media":1264,"parent":1390,"menu_order":0,"comment_status":"closed","ping_status":"closed","template":"","meta":{"_acf_changed":false,"footnotes":""},"class_list":["post-1611","page","type-page","status-publish","has-post-thumbnail","hentry","page_category-offre"],"acf":[],"_links":{"self":[{"href":"https:\/\/ase.be\/fr\/wp-json\/wp\/v2\/pages\/1611","targetHints":{"allow":["GET"]}}],"collection":[{"href":"https:\/\/ase.be\/fr\/wp-json\/wp\/v2\/pages"}],"about":[{"href":"https:\/\/ase.be\/fr\/wp-json\/wp\/v2\/types\/page"}],"author":[{"embeddable":true,"href":"https:\/\/ase.be\/fr\/wp-json\/wp\/v2\/users\/2"}],"replies":[{"embeddable":true,"href":"https:\/\/ase.be\/fr\/wp-json\/wp\/v2\/comments?post=1611"}],"version-history":[{"count":2,"href":"https:\/\/ase.be\/fr\/wp-json\/wp\/v2\/pages\/1611\/revisions"}],"predecessor-version":[{"id":1906,"href":"https:\/\/ase.be\/fr\/wp-json\/wp\/v2\/pages\/1611\/revisions\/1906"}],"up":[{"embeddable":true,"href":"https:\/\/ase.be\/fr\/wp-json\/wp\/v2\/pages\/1390"}],"wp:featuredmedia":[{"embeddable":true,"href":"https:\/\/ase.be\/fr\/wp-json\/wp\/v2\/media\/1264"}],"wp:attachment":[{"href":"https:\/\/ase.be\/fr\/wp-json\/wp\/v2\/media?parent=1611"}],"curies":[{"name":"wp","href":"https:\/\/api.w.org\/{rel}","templated":true}]}}