{"id":1609,"date":"2025-02-03T13:33:23","date_gmt":"2025-02-03T11:33:23","guid":{"rendered":"https:\/\/ase.be\/offre\/accessoires\/"},"modified":"2025-06-11T14:05:10","modified_gmt":"2025-06-11T12:05:10","slug":"accessoires","status":"publish","type":"page","link":"https:\/\/ase.be\/fr\/offre\/accessoires\/","title":{"rendered":"Accessoires"},"content":{"rendered":"<div class=\"wpb-content-wrapper\"><p>[vc_row][vc_column width=\u00a0\u00bb1\/1&Prime;][uncode_block id=\u00a0\u00bb1490&Prime;][\/vc_column][\/vc_row]<\/p>\n<\/div>","protected":false},"excerpt":{"rendered":"<p>Vous trouverez ici notre gamme d&rsquo;accessoires. Comme ASE utilise le syst\u00e8me modulaire Layher\u00ae allround, les structures et les configurations les plus complexes peuvent \u00eatre r\u00e9alis\u00e9es. <\/p>\n","protected":false},"author":1,"featured_media":1266,"parent":1390,"menu_order":0,"comment_status":"closed","ping_status":"closed","template":"","meta":{"_acf_changed":false,"footnotes":""},"class_list":["post-1609","page","type-page","status-publish","has-post-thumbnail","hentry","page_category-offre"],"acf":[],"_links":{"self":[{"href":"https:\/\/ase.be\/fr\/wp-json\/wp\/v2\/pages\/1609","targetHints":{"allow":["GET"]}}],"collection":[{"href":"https:\/\/ase.be\/fr\/wp-json\/wp\/v2\/pages"}],"about":[{"href":"https:\/\/ase.be\/fr\/wp-json\/wp\/v2\/types\/page"}],"author":[{"embeddable":true,"href":"https:\/\/ase.be\/fr\/wp-json\/wp\/v2\/users\/1"}],"replies":[{"embeddable":true,"href":"https:\/\/ase.be\/fr\/wp-json\/wp\/v2\/comments?post=1609"}],"version-history":[{"count":4,"href":"https:\/\/ase.be\/fr\/wp-json\/wp\/v2\/pages\/1609\/revisions"}],"predecessor-version":[{"id":2174,"href":"https:\/\/ase.be\/fr\/wp-json\/wp\/v2\/pages\/1609\/revisions\/2174"}],"up":[{"embeddable":true,"href":"https:\/\/ase.be\/fr\/wp-json\/wp\/v2\/pages\/1390"}],"wp:featuredmedia":[{"embeddable":true,"href":"https:\/\/ase.be\/fr\/wp-json\/wp\/v2\/media\/1266"}],"wp:attachment":[{"href":"https:\/\/ase.be\/fr\/wp-json\/wp\/v2\/media?parent=1609"}],"curies":[{"name":"wp","href":"https:\/\/api.w.org\/{rel}","templated":true}]}}