{"id":1598,"date":"2025-02-03T13:35:42","date_gmt":"2025-02-03T11:35:42","guid":{"rendered":"https:\/\/ase.be\/offre\/structures-dechafaudage\/"},"modified":"2025-10-20T10:36:08","modified_gmt":"2025-10-20T08:36:08","slug":"structures-dechafaudage","status":"publish","type":"page","link":"https:\/\/ase.be\/fr\/offre\/structures-dechafaudage\/","title":{"rendered":"Structures d&rsquo;\u00e9chafaudage"},"content":{"rendered":"<div class=\"wpb-content-wrapper\"><p>[vc_row][vc_column column_width_percent=\u00a0\u00bb100&Prime; position_vertical=\u00a0\u00bbmiddle\u00a0\u00bb gutter_size=\u00a0\u00bb2&Prime; overlay_alpha=\u00a0\u00bb50&Prime; shift_x=\u00a0\u00bb0&Prime; shift_y=\u00a0\u00bb0&Prime; shift_y_down=\u00a0\u00bb0&Prime; z_index=\u00a0\u00bb0&Prime; medium_width=\u00a0\u00bb0&Prime; mobile_width=\u00a0\u00bb0&Prime; width=\u00a0\u00bb5\/12&Prime; uncode_shortcode_id=\u00a0\u00bb113557&Prime;][vc_custom_heading heading_semantic=\u00a0\u00bbh3&Prime; text_size=\u00a0\u00bbh3&Prime; uncode_shortcode_id=\u00a0\u00bb139443&Prime;]Tout est possible[\/vc_custom_heading][vc_column_text uncode_shortcode_id=\u00a0\u00bb992694&Prime;]Que vous ayez besoin d&rsquo;une sc\u00e8ne sur mesure, d&rsquo;une tribune, d&rsquo;un plancher temporaire ou d&rsquo;une infrastructure compl\u00e8te, nous vous proposons des solutions s\u00fbres, fiables et innovantes.<\/p>\n<p><span style=\"font-weight: 400;\">Vous organisez un festival, un concert ou un autre \u00e9v\u00e9nement ? Nos structures d&rsquo;\u00e9chafaudage constituent la base parfaite pour un spectacle sans faille et s\u00fbr. Gr\u00e2ce \u00e0 nos structures modulaires, vous pouvez cr\u00e9er une plate-forme, une sc\u00e8ne ou une tribune stable en un rien de temps &#8211; <strong>id\u00e9al pour n&rsquo;importe quel endroit et n&rsquo;importe quel type d&rsquo;\u00e9v\u00e9nement<\/strong>. <\/span>[\/vc_column_text][\/vc_column][vc_column width=\u00a0\u00bb7\/12&Prime;][vc_single_image media=\u00a0\u00bb1788&Prime; media_width_percent=\u00a0\u00bb100&Prime; media_ratio=\u00a0\u00bbfour-three\u00a0\u00bb uncode_shortcode_id=\u00a0\u00bb145528&Prime;][\/vc_column][\/vc_row][vc_row][vc_column width=\u00a0\u00bb7\/12&Prime;][vc_single_image media=\u00a0\u00bb1270&Prime; media_width_percent=\u00a0\u00bb100&Prime; media_ratio=\u00a0\u00bbfour-three\u00a0\u00bb uncode_shortcode_id=\u00a0\u00bb207009&Prime;][\/vc_column][vc_column column_width_percent=\u00a0\u00bb100&Prime; position_vertical=\u00a0\u00bbmiddle\u00a0\u00bb gutter_size=\u00a0\u00bb2&Prime; overlay_alpha=\u00a0\u00bb50&Prime; shift_x=\u00a0\u00bb0&Prime; shift_y=\u00a0\u00bb0&Prime; shift_y_down=\u00a0\u00bb0&Prime; z_index=\u00a0\u00bb0&Prime; medium_width=\u00a0\u00bb0&Prime; mobile_width=\u00a0\u00bb0&Prime; width=\u00a0\u00bb5\/12&Prime; uncode_shortcode_id=\u00a0\u00bb113557&Prime;][vc_custom_heading heading_semantic=\u00a0\u00bbh3&Prime; text_size=\u00a0\u00bbh3&Prime; uncode_shortcode_id=\u00a0\u00bb211238&Prime;]M\u00e9thodologie[\/vc_custom_heading][vc_column_text uncode_shortcode_id=\u00a0\u00bb157731&Prime;]Le processus se d\u00e9roule en plusieurs \u00e9tapes : de l&rsquo;esquisse \u00e0 l&rsquo;\u00e9laboration technique, en passant par la cr\u00e9ation des dessins Autocad en 3D, le calcul de la stabilit\u00e9 technique et l&rsquo;ex\u00e9cution finale.<\/p>\n<p>Faire de chaque \u00e9v\u00e9nement une exp\u00e9rience unique n\u00e9cessite une pr\u00e9paration minutieuse et une coop\u00e9ration intense. Elles constituent la base solide sur laquelle les grandes id\u00e9es se transforment en merveilleuses r\u00e9alisations[\/vc_column_text][\/vc_column][\/vc_row][vc_row][vc_column column_width_percent=\u00a0\u00bb100&Prime; position_vertical=\u00a0\u00bbmiddle\u00a0\u00bb gutter_size=\u00a0\u00bb3&Prime; overlay_alpha=\u00a0\u00bb50&Prime; shift_x=\u00a0\u00bb0&Prime; shift_y=\u00a0\u00bb0&Prime; shift_y_down=\u00a0\u00bb0&Prime; z_index=\u00a0\u00bb0&Prime; medium_width=\u00a0\u00bb0&Prime; mobile_width=\u00a0\u00bb0&Prime; width=\u00a0\u00bb5\/12&Prime; uncode_shortcode_id=\u00a0\u00bb206419&Prime;][vc_column_text uncode_shortcode_id=\u00a0\u00bb157514&Prime; el_class=\u00a0\u00bbchecklist\u00a0\u00bb]<\/p>\n<ul>\n<li><strong>Montage rapide<\/strong> &#8211; Nos structures Layher garantissent un montage efficace pour que votre \u00e9v\u00e9nement commence \u00e0 temps.<\/li>\n<li><strong>Excellente capacit\u00e9 de charge<\/strong> &#8211; Robuste et s\u00fbr, m\u00eame pour les charges lourdes telles que les sc\u00e8nes, les stands ou les d\u00e9corations.<\/li>\n<li><strong>Utilisation flexible<\/strong> &#8211; Convient pour les sc\u00e8nes, les passerelles, les tribunes et les sols temporaires sur n&rsquo;importe quelle surface.<\/li>\n<li><strong>Stabilit\u00e9 parfaite<\/strong> &#8211; M\u00eame sur un terrain irr\u00e9gulier, tel que l&rsquo;herbe, le sable ou la boue, nous garantissons une surface plane et s\u00fbre.<\/li>\n<li><strong>Aspect professionnel<\/strong> &#8211; Une base \u00e9l\u00e9gante pour votre sc\u00e8ne, votre d\u00e9coration ou votre flux de visiteurs.<\/li>\n<\/ul>\n<p>[\/vc_column_text][\/vc_column][vc_column width=\u00a0\u00bb7\/12&Prime;][vc_single_image media=\u00a0\u00bb1797&Prime; media_width_percent=\u00a0\u00bb100&Prime; media_ratio=\u00a0\u00bbfour-three\u00a0\u00bb uncode_shortcode_id=\u00a0\u00bb184816&Prime;][\/vc_column][\/vc_row][vc_row unlock_row_content=\u00a0\u00bbyes\u00a0\u00bb row_height_percent=\u00a0\u00bb0&Prime; override_padding=\u00a0\u00bbyes\u00a0\u00bb h_padding=\u00a0\u00bb0&Prime; top_padding=\u00a0\u00bb2&Prime; bottom_padding=\u00a0\u00bb2&Prime; overlay_alpha=\u00a0\u00bb50&Prime; gutter_size=\u00a0\u00bb3&Prime; column_width_percent=\u00a0\u00bb100&Prime; shift_y=\u00a0\u00bb0&Prime; z_index=\u00a0\u00bb0&Prime; content_parallax=\u00a0\u00bb0&Prime; uncode_shortcode_id=\u00a0\u00bb127780&Prime;][vc_column column_width_percent=\u00a0\u00bb100&Prime; align_horizontal=\u00a0\u00bbalign_center\u00a0\u00bb gutter_size=\u00a0\u00bb3&Prime; overlay_alpha=\u00a0\u00bb50&Prime; shift_x=\u00a0\u00bb0&Prime; shift_y=\u00a0\u00bb0&Prime; shift_y_down=\u00a0\u00bb0&Prime; z_index=\u00a0\u00bb0&Prime; medium_width=\u00a0\u00bb0&Prime; mobile_width=\u00a0\u00bb0&Prime; width=\u00a0\u00bb1\/1&Prime; uncode_shortcode_id=\u00a0\u00bb143516&Prime;][vc_gallery el_id=\u00a0\u00bbgallery-160879&Prime; type=\u00a0\u00bbcss_grid\u00a0\u00bb medias=\u00a0\u00bb3018,3020,3022,3024&Prime; screen_lg_items=\u00a0\u00bb3&Prime; screen_lg_breakpoint=\u00a0\u00bb1000&Prime; screen_md_items=\u00a0\u00bb2&Prime; screen_md_breakpoint=\u00a0\u00bb600&Prime; screen_sm_items=\u00a0\u00bb1&Prime; screen_sm_breakpoint=\u00a0\u00bb480&Prime; gutter_size=\u00a0\u00bb0&Prime; css_grid_images_size=\u00a0\u00bbfour-five\u00a0\u00bb single_overlay_opacity=\u00a0\u00bb1&Prime; single_padding=\u00a0\u00bb0&Prime; single_border=\u00a0\u00bbyes\u00a0\u00bb uncode_shortcode_id=\u00a0\u00bb148738&Prime;][\/vc_column][\/vc_row][vc_row][vc_column width=\u00a0\u00bb1\/1&Prime;][vc_custom_heading heading_semantic=\u00a0\u00bbh3&Prime; text_size=\u00a0\u00bbh3&Prime; text_transform=\u00a0\u00bbuppercase\u00a0\u00bb uncode_shortcode_id=\u00a0\u00bb207092&Prime;]R\u00e9alisations[\/vc_custom_heading][uncode_index el_id=\u00a0\u00bbindex-88577876&Prime; index_type=\u00a0\u00bbcss_grid\u00a0\u00bb loop=\u00a0\u00bbsize:3|order_by:date|post_type:portfolio|tax_query:53|taxonomy_count:10&Prime; grid_items=\u00a0\u00bb3&Prime; screen_lg_items=\u00a0\u00bb3&Prime; screen_lg_breakpoint=\u00a0\u00bb1000&Prime; screen_md_items=\u00a0\u00bb2&Prime; screen_md_breakpoint=\u00a0\u00bb600&Prime; screen_sm_items=\u00a0\u00bb1&Prime; screen_sm_breakpoint=\u00a0\u00bb480&Prime; gutter_size=\u00a0\u00bb0&Prime; css_grid_equal_height=\u00a0\u00bbyes\u00a0\u00bb post_items=\u00a0\u00bbmedia|featured|onpost|original,title\u00a0\u00bb page_items=\u00a0\u00bbmedia|featured|onpost|original,title,category|nobg|relative|display-icon\u00a0\u00bb portfolio_items=\u00a0\u00bbmedia|featured|onpost|original,title,category|nobg|topleft|display-icon\u00a0\u00bb single_text=\u00a0\u00bboverlay\u00a0\u00bb css_grid_images_size=\u00a0\u00bbfive-four\u00a0\u00bb single_style=\u00a0\u00bbdark\u00a0\u00bb single_overlay_color=\u00a0\u00bbcolor-181447&Prime; single_overlay_opacity=\u00a0\u00bb10&Prime; single_overlay_visible=\u00a0\u00bbyes\u00a0\u00bb single_overlay_anim=\u00a0\u00bbno\u00a0\u00bb single_text_visible=\u00a0\u00bbyes\u00a0\u00bb single_text_anim=\u00a0\u00bbno\u00a0\u00bb single_v_position=\u00a0\u00bbbottom\u00a0\u00bb single_padding=\u00a0\u00bb1&Prime; single_title_family=\u00a0\u00bbfont-131994&Prime; single_title_dimension=\u00a0\u00bbh3&Prime; single_title_weight=\u00a0\u00bb700&Prime; single_title_transform=\u00a0\u00bbuppercase\u00a0\u00bb single_border=\u00a0\u00bbyes\u00a0\u00bb no_double_tap=\u00a0\u00bbyes\u00a0\u00bb uncode_shortcode_id=\u00a0\u00bb105524&Prime; el_class=\u00a0\u00bbpostblock postblockcases postblockcaseshome\u00a0\u00bb][\/vc_column][\/vc_row]<\/p>\n<\/div>","protected":false},"excerpt":{"rendered":"<p>Faites briller votre \u00e9v\u00e9nement, au sens propre comme au sens figur\u00e9, gr\u00e2ce aux \u00e9chafaudages sur mesure d&rsquo;ASE. Gr\u00e2ce \u00e0 nos ann\u00e9es d&rsquo;exp\u00e9rience et \u00e0 notre approche orient\u00e9e vers le client, nous rendons tout \u00e9v\u00e9nement possible. <\/p>\n","protected":false},"author":2,"featured_media":1265,"parent":1390,"menu_order":0,"comment_status":"closed","ping_status":"closed","template":"","meta":{"_acf_changed":false,"footnotes":""},"class_list":["post-1598","page","type-page","status-publish","has-post-thumbnail","hentry","page_category-offre"],"acf":[],"_links":{"self":[{"href":"https:\/\/ase.be\/fr\/wp-json\/wp\/v2\/pages\/1598","targetHints":{"allow":["GET"]}}],"collection":[{"href":"https:\/\/ase.be\/fr\/wp-json\/wp\/v2\/pages"}],"about":[{"href":"https:\/\/ase.be\/fr\/wp-json\/wp\/v2\/types\/page"}],"author":[{"embeddable":true,"href":"https:\/\/ase.be\/fr\/wp-json\/wp\/v2\/users\/2"}],"replies":[{"embeddable":true,"href":"https:\/\/ase.be\/fr\/wp-json\/wp\/v2\/comments?post=1598"}],"version-history":[{"count":16,"href":"https:\/\/ase.be\/fr\/wp-json\/wp\/v2\/pages\/1598\/revisions"}],"predecessor-version":[{"id":3027,"href":"https:\/\/ase.be\/fr\/wp-json\/wp\/v2\/pages\/1598\/revisions\/3027"}],"up":[{"embeddable":true,"href":"https:\/\/ase.be\/fr\/wp-json\/wp\/v2\/pages\/1390"}],"wp:featuredmedia":[{"embeddable":true,"href":"https:\/\/ase.be\/fr\/wp-json\/wp\/v2\/media\/1265"}],"wp:attachment":[{"href":"https:\/\/ase.be\/fr\/wp-json\/wp\/v2\/media?parent=1598"}],"curies":[{"name":"wp","href":"https:\/\/api.w.org\/{rel}","templated":true}]}}