{"id":1590,"date":"2025-02-20T10:52:18","date_gmt":"2025-02-20T08:52:18","guid":{"rendered":"https:\/\/ase.be\/offre\/etapes-couvertes\/etapes-de-larc\/"},"modified":"2025-06-11T14:06:17","modified_gmt":"2025-06-11T12:06:17","slug":"etapes-de-larc","status":"publish","type":"page","link":"https:\/\/ase.be\/fr\/offre\/etapes-couvertes\/etapes-de-larc\/","title":{"rendered":"\u00c9tapes de l&rsquo;arc"},"content":{"rendered":"<div class=\"wpb-content-wrapper\"><p>[vc_row][vc_column width=\u00a0\u00bb1\/1&Prime;][uncode_index el_id=\u00a0\u00bbindex-885778&Prime; index_type=\u00a0\u00bbcss_grid\u00a0\u00bb loop=\u00a0\u00bbsize:All|order_by:date|post_type:podia|tax_query:22|taxonomy_count:10&Prime; grid_items=\u00a0\u00bb3&Prime; screen_lg_items=\u00a0\u00bb2&Prime; screen_lg_breakpoint=\u00a0\u00bb960&Prime; screen_md_items=\u00a0\u00bb2&Prime; screen_md_breakpoint=\u00a0\u00bb600&Prime; screen_sm_items=\u00a0\u00bb1&Prime; screen_sm_breakpoint=\u00a0\u00bb570&Prime; filtering=\u00a0\u00bbyes\u00a0\u00bb filtering_uppercase=\u00a0\u00bbyes\u00a0\u00bb filter_sticky=\u00a0\u00bbyes\u00a0\u00bb gutter_size=\u00a0\u00bb2&Prime; css_grid_equal_height=\u00a0\u00bbyes\u00a0\u00bb post_items=\u00a0\u00bbmedia|featured|onpost|original,title\u00a0\u00bb page_items=\u00a0\u00bbmedia|featured|onpost|original,title,icon|md\u00a0\u00bb single_text=\u00a0\u00bboverlay\u00a0\u00bb css_grid_images_size=\u00a0\u00bbfive-four\u00a0\u00bb single_style=\u00a0\u00bbdark\u00a0\u00bb single_overlay_color=\u00a0\u00bbcolor-jevc\u00a0\u00bb single_overlay_coloration=\u00a0\u00bbbottom_gradient\u00a0\u00bb single_overlay_opacity=\u00a0\u00bb10&Prime; single_overlay_visible=\u00a0\u00bbyes\u00a0\u00bb single_text_visible=\u00a0\u00bbyes\u00a0\u00bb single_text_anim=\u00a0\u00bbno\u00a0\u00bb single_v_position=\u00a0\u00bbbottom\u00a0\u00bb single_padding=\u00a0\u00bb1&Prime; single_title_dimension=\u00a0\u00bbh3&Prime; single_border=\u00a0\u00bbyes\u00a0\u00bb no_double_tap=\u00a0\u00bbyes\u00a0\u00bb uncode_shortcode_id=\u00a0\u00bb135205&Prime; single_icon=\u00a0\u00bbfa fa-arrow-right2&Prime; el_class=\u00a0\u00bbpostblock postblockaanbod\u00a0\u00bb filter_all_text=\u00a0\u00bbAlle\u00a0\u00bb][\/vc_column][\/vc_row]<\/p>\n<\/div>","protected":false},"excerpt":{"rendered":"<p>La forme \u00e9l\u00e9gante et embl\u00e9matique n&rsquo;est pas seulement esth\u00e9tique, elle offre aussi des avantages fonctionnels.<\/p>\n","protected":false},"author":2,"featured_media":1238,"parent":1587,"menu_order":0,"comment_status":"closed","ping_status":"closed","template":"","meta":{"_acf_changed":false,"footnotes":""},"class_list":["post-1590","page","type-page","status-publish","has-post-thumbnail","hentry","page_category-scenes-interieures"],"acf":[],"_links":{"self":[{"href":"https:\/\/ase.be\/fr\/wp-json\/wp\/v2\/pages\/1590","targetHints":{"allow":["GET"]}}],"collection":[{"href":"https:\/\/ase.be\/fr\/wp-json\/wp\/v2\/pages"}],"about":[{"href":"https:\/\/ase.be\/fr\/wp-json\/wp\/v2\/types\/page"}],"author":[{"embeddable":true,"href":"https:\/\/ase.be\/fr\/wp-json\/wp\/v2\/users\/2"}],"replies":[{"embeddable":true,"href":"https:\/\/ase.be\/fr\/wp-json\/wp\/v2\/comments?post=1590"}],"version-history":[{"count":2,"href":"https:\/\/ase.be\/fr\/wp-json\/wp\/v2\/pages\/1590\/revisions"}],"predecessor-version":[{"id":2175,"href":"https:\/\/ase.be\/fr\/wp-json\/wp\/v2\/pages\/1590\/revisions\/2175"}],"up":[{"embeddable":true,"href":"https:\/\/ase.be\/fr\/wp-json\/wp\/v2\/pages\/1587"}],"wp:featuredmedia":[{"embeddable":true,"href":"https:\/\/ase.be\/fr\/wp-json\/wp\/v2\/media\/1238"}],"wp:attachment":[{"href":"https:\/\/ase.be\/fr\/wp-json\/wp\/v2\/media?parent=1590"}],"curies":[{"name":"wp","href":"https:\/\/api.w.org\/{rel}","templated":true}]}}