{"id":1587,"date":"2025-02-03T13:36:11","date_gmt":"2025-02-03T11:36:11","guid":{"rendered":"https:\/\/ase.be\/offre\/etapes-couvertes\/"},"modified":"2025-06-11T13:56:24","modified_gmt":"2025-06-11T11:56:24","slug":"etapes-couvertes","status":"publish","type":"page","link":"https:\/\/ase.be\/fr\/offre\/etapes-couvertes\/","title":{"rendered":"\u00c9tapes couvertes"},"content":{"rendered":"<div class=\"wpb-content-wrapper\"><p>[vc_row row_height_percent=\u00a0\u00bb100&Prime; override_padding=\u00a0\u00bbyes\u00a0\u00bb h_padding=\u00a0\u00bb2&Prime; top_padding=\u00a0\u00bb2&Prime; bottom_padding=\u00a0\u00bb0&Prime; back_image=\u00a0\u00bb351&Prime; back_image_auto=\u00a0\u00bbyes\u00a0\u00bb overlay_color=\u00a0\u00bbcolor-jevc\u00a0\u00bb overlay_alpha=\u00a0\u00bb50&Prime; gutter_size=\u00a0\u00bb3&Prime; column_width_percent=\u00a0\u00bb100&Prime; shift_y=\u00a0\u00bb0&Prime; z_index=\u00a0\u00bb0&Prime; content_parallax=\u00a0\u00bb0&Prime; uncode_shortcode_id=\u00a0\u00bb159213&Prime; overlay_color_type=\u00a0\u00bbuncode-palette\u00a0\u00bb][vc_column column_width_use_pixel=\u00a0\u00bbyes\u00a0\u00bb position_vertical=\u00a0\u00bbmiddle\u00a0\u00bb align_horizontal=\u00a0\u00bbalign_center\u00a0\u00bb gutter_size=\u00a0\u00bb2&Prime; style=\u00a0\u00bbdark\u00a0\u00bb overlay_alpha=\u00a0\u00bb50&Prime; shift_x=\u00a0\u00bb0&Prime; shift_y=\u00a0\u00bb0&Prime; shift_y_down=\u00a0\u00bb0&Prime; z_index=\u00a0\u00bb0&Prime; medium_width=\u00a0\u00bb0&Prime; mobile_width=\u00a0\u00bb0&Prime; width=\u00a0\u00bb1\/1&Prime; uncode_shortcode_id=\u00a0\u00bb175235&Prime; column_width_pixel=\u00a0\u00bb900&Prime;][vc_custom_heading auto_text=\u00a0\u00bbyes\u00a0\u00bb heading_semantic=\u00a0\u00bbh1&Prime; text_size=\u00a0\u00bbh1&Prime; text_transform=\u00a0\u00bbuppercase\u00a0\u00bb uncode_shortcode_id=\u00a0\u00bb149515&Prime;][\/vc_custom_heading][vc_custom_heading auto_text=\u00a0\u00bbexcerpt\u00a0\u00bb text_color=\u00a0\u00bbcolor-xsdn\u00a0\u00bb heading_semantic=\u00a0\u00bbh3&Prime; text_size=\u00a0\u00bbh3&Prime; text_transform=\u00a0\u00bbuppercase\u00a0\u00bb uncode_shortcode_id=\u00a0\u00bb179286&Prime; text_color_type=\u00a0\u00bbuncode-palette\u00a0\u00bb][\/vc_custom_heading][vc_icon icon=\u00a0\u00bbfa fa-arrow-down2&Prime; icon_color=\u00a0\u00bbcolor-xsdn\u00a0\u00bb uncode_shortcode_id=\u00a0\u00bb315432&Prime; icon_color_type=\u00a0\u00bbuncode-palette\u00a0\u00bb link=\u00a0\u00bburl:%23scroll\u00a0\u00bb][\/vc_icon][\/vc_column][\/vc_row][vc_row row_height_percent=\u00a0\u00bb0&Prime; override_padding=\u00a0\u00bbyes\u00a0\u00bb h_padding=\u00a0\u00bb2&Prime; top_padding=\u00a0\u00bb2&Prime; bottom_padding=\u00a0\u00bb0&Prime; back_color=\u00a0\u00bbcolor-jevc\u00a0\u00bb overlay_alpha=\u00a0\u00bb50&Prime; gutter_size=\u00a0\u00bb3&Prime; column_width_percent=\u00a0\u00bb100&Prime; shift_y=\u00a0\u00bb0&Prime; z_index=\u00a0\u00bb0&Prime; content_parallax=\u00a0\u00bb0&Prime; uncode_shortcode_id=\u00a0\u00bb179677&Prime; back_color_type=\u00a0\u00bbuncode-palette\u00a0\u00bb row_name=\u00a0\u00bbscroll\u00a0\u00bb][vc_column column_width_percent=\u00a0\u00bb100&Prime; gutter_size=\u00a0\u00bb3&Prime; style=\u00a0\u00bbdark\u00a0\u00bb overlay_alpha=\u00a0\u00bb50&Prime; shift_x=\u00a0\u00bb0&Prime; shift_y=\u00a0\u00bb0&Prime; shift_y_down=\u00a0\u00bb0&Prime; z_index=\u00a0\u00bb0&Prime; medium_width=\u00a0\u00bb0&Prime; mobile_width=\u00a0\u00bb0&Prime; width=\u00a0\u00bb1\/1&Prime; uncode_shortcode_id=\u00a0\u00bb103462&Prime;][uncode_breadcrumbs][\/vc_column][\/vc_row][vc_row row_height_percent=\u00a0\u00bb0&Prime; override_padding=\u00a0\u00bbyes\u00a0\u00bb h_padding=\u00a0\u00bb2&Prime; top_padding=\u00a0\u00bb2&Prime; bottom_padding=\u00a0\u00bb3&Prime; back_color=\u00a0\u00bbcolor-jevc\u00a0\u00bb overlay_alpha=\u00a0\u00bb50&Prime; gutter_size=\u00a0\u00bb3&Prime; column_width_percent=\u00a0\u00bb100&Prime; shift_y=\u00a0\u00bb0&Prime; z_index=\u00a0\u00bb0&Prime; content_parallax=\u00a0\u00bb0&Prime; uncode_shortcode_id=\u00a0\u00bb306670&Prime; back_color_type=\u00a0\u00bbuncode-palette\u00a0\u00bb][vc_column column_width_percent=\u00a0\u00bb100&Prime; gutter_size=\u00a0\u00bb3&Prime; style=\u00a0\u00bbdark\u00a0\u00bb overlay_alpha=\u00a0\u00bb50&Prime; shift_x=\u00a0\u00bb0&Prime; shift_y=\u00a0\u00bb0&Prime; shift_y_down=\u00a0\u00bb0&Prime; z_index=\u00a0\u00bb0&Prime; medium_width=\u00a0\u00bb0&Prime; mobile_width=\u00a0\u00bb0&Prime; width=\u00a0\u00bb1\/1&Prime; uncode_shortcode_id=\u00a0\u00bb207519&Prime;][vc_custom_heading text_transform=\u00a0\u00bbuppercase\u00a0\u00bb uncode_shortcode_id=\u00a0\u00bb109034&Prime;]Types de sc\u00e8nes int\u00e9rieures[\/vc_custom_heading][uncode_index el_id=\u00a0\u00bbindex-88577998&Prime; index_type=\u00a0\u00bbcss_grid\u00a0\u00bb loop=\u00a0\u00bbsize:All|order_by:date|post_type:page|tax_query:34|taxonomy_count:10&Prime; screen_lg_items=\u00a0\u00bb2&Prime; screen_lg_breakpoint=\u00a0\u00bb960&Prime; screen_md_items=\u00a0\u00bb2&Prime; screen_md_breakpoint=\u00a0\u00bb600&Prime; screen_sm_items=\u00a0\u00bb1&Prime; screen_sm_breakpoint=\u00a0\u00bb570&Prime; filtering=\u00a0\u00bbyes\u00a0\u00bb filtering_uppercase=\u00a0\u00bbyes\u00a0\u00bb filter_back_color=\u00a0\u00bbcolor-xsdn\u00a0\u00bb filter_sticky=\u00a0\u00bbyes\u00a0\u00bb gutter_size=\u00a0\u00bb2&Prime; css_grid_equal_height=\u00a0\u00bbyes\u00a0\u00bb post_items=\u00a0\u00bbmedia|featured|onpost|original,title\u00a0\u00bb page_items=\u00a0\u00bbmedia|featured|onpost|original,title,icon|sm,text|excerpt\u00a0\u00bb podia_items=\u00a0\u00bbmedia|featured|onpost|original,title,text|excerpt\u00a0\u00bb css_grid_images_size=\u00a0\u00bbfive-four\u00a0\u00bb single_style=\u00a0\u00bbdark\u00a0\u00bb single_overlay_color=\u00a0\u00bbcolor-jevc\u00a0\u00bb single_overlay_coloration=\u00a0\u00bbbottom_gradient\u00a0\u00bb single_overlay_opacity=\u00a0\u00bb10&Prime; single_overlay_visible=\u00a0\u00bbyes\u00a0\u00bb single_overlay_anim=\u00a0\u00bbno\u00a0\u00bb single_text_visible=\u00a0\u00bbyes\u00a0\u00bb single_text_anim=\u00a0\u00bbno\u00a0\u00bb single_padding=\u00a0\u00bb1&Prime; single_title_dimension=\u00a0\u00bbh3&Prime; single_title_transform=\u00a0\u00bbuppercase\u00a0\u00bb single_border=\u00a0\u00bbyes\u00a0\u00bb custom_order=\u00a0\u00bbyes\u00a0\u00bb no_double_tap=\u00a0\u00bbyes\u00a0\u00bb uncode_shortcode_id=\u00a0\u00bb134426&Prime; single_icon=\u00a0\u00bbfa fa-arrow-right2&Prime; el_class=\u00a0\u00bbpostblock postblockaanbod\u00a0\u00bb filter_all_text=\u00a0\u00bbAlle\u00a0\u00bb filter_back_color_type=\u00a0\u00bbuncode-palette\u00a0\u00bb order_ids=\u00a0\u00bb611,605,609,610&Prime;][\/vc_column][\/vc_row][vc_row][vc_column column_width_percent=\u00a0\u00bb100&Prime; gutter_size=\u00a0\u00bb0&Prime; overlay_alpha=\u00a0\u00bb50&Prime; shift_x=\u00a0\u00bb0&Prime; shift_y=\u00a0\u00bb0&Prime; shift_y_down=\u00a0\u00bb0&Prime; z_index=\u00a0\u00bb0&Prime; medium_width=\u00a0\u00bb0&Prime; mobile_width=\u00a0\u00bb0&Prime; width=\u00a0\u00bb1\/1&Prime; uncode_shortcode_id=\u00a0\u00bb120734&Prime;][vc_custom_heading text_transform=\u00a0\u00bbuppercase\u00a0\u00bb uncode_shortcode_id=\u00a0\u00bb883772&Prime;]Toutes les \u00e9tapes[\/vc_custom_heading][uncode_index el_id=\u00a0\u00bbindex-8857780&Prime; index_type=\u00a0\u00bbcss_grid\u00a0\u00bb loop=\u00a0\u00bbsize:All|order_by:date|post_type:podia|tax_query:81|taxonomy_count:10&Prime; screen_lg_items=\u00a0\u00bb2&Prime; screen_lg_breakpoint=\u00a0\u00bb960&Prime; screen_md_items=\u00a0\u00bb2&Prime; screen_md_breakpoint=\u00a0\u00bb600&Prime; screen_sm_items=\u00a0\u00bb1&Prime; screen_sm_breakpoint=\u00a0\u00bb570&Prime; filtering=\u00a0\u00bbyes\u00a0\u00bb filtering_uppercase=\u00a0\u00bbyes\u00a0\u00bb filter_back_color=\u00a0\u00bbcolor-xsdn\u00a0\u00bb filter_sticky=\u00a0\u00bbyes\u00a0\u00bb gutter_size=\u00a0\u00bb2&Prime; css_grid_equal_height=\u00a0\u00bbyes\u00a0\u00bb post_items=\u00a0\u00bbmedia|featured|onpost|original,title\u00a0\u00bb page_items=\u00a0\u00bbmedia|featured|onpost|original,title,icon|md\u00a0\u00bb single_text=\u00a0\u00bboverlay\u00a0\u00bb css_grid_images_size=\u00a0\u00bbfive-four\u00a0\u00bb single_style=\u00a0\u00bbdark\u00a0\u00bb single_overlay_color=\u00a0\u00bbcolor-jevc\u00a0\u00bb single_overlay_coloration=\u00a0\u00bbbottom_gradient\u00a0\u00bb single_overlay_opacity=\u00a0\u00bb10&Prime; single_overlay_visible=\u00a0\u00bbyes\u00a0\u00bb single_overlay_anim=\u00a0\u00bbno\u00a0\u00bb single_text_visible=\u00a0\u00bbyes\u00a0\u00bb single_text_anim=\u00a0\u00bbno\u00a0\u00bb single_image_anim=\u00a0\u00bbno\u00a0\u00bb single_v_position=\u00a0\u00bbbottom\u00a0\u00bb single_padding=\u00a0\u00bb1&Prime; single_title_dimension=\u00a0\u00bbh3&Prime; single_title_transform=\u00a0\u00bbuppercase\u00a0\u00bb single_border=\u00a0\u00bbyes\u00a0\u00bb custom_order=\u00a0\u00bbyes\u00a0\u00bb no_double_tap=\u00a0\u00bbyes\u00a0\u00bb uncode_shortcode_id=\u00a0\u00bb396175&Prime; single_icon=\u00a0\u00bbfa fa-arrow-right2&Prime; el_class=\u00a0\u00bbpostblock postblockaanbod\u00a0\u00bb filter_all_text=\u00a0\u00bbToutes\u00a0\u00bb filter_back_color_type=\u00a0\u00bbuncode-palette\u00a0\u00bb order_ids=\u00a0\u00bb561,221,224,225,247,222,246,226,248,249,250,252,253,251&Prime;][\/vc_column][\/vc_row]<\/p>\n<\/div>","protected":false},"excerpt":{"rendered":"<p>Nous vous proposons un large \u00e9ventail d&rsquo;espaces int\u00e9rieurs. Que vous souhaitiez une petite sc\u00e8ne couverte pour un \u00e9v\u00e9nement intime ou un impressionnant auvent de soutien au sol couvert pour un festival de grande envergure&#8230; une vari\u00e9t\u00e9 de tailles et de conceptions est disponible pour r\u00e9pondre parfaitement \u00e0 vos besoins.  <\/p>\n","protected":false},"author":2,"featured_media":1263,"parent":1390,"menu_order":0,"comment_status":"closed","ping_status":"closed","template":"","meta":{"_acf_changed":false,"footnotes":""},"class_list":["post-1587","page","type-page","status-publish","has-post-thumbnail","hentry","page_category-offre"],"acf":[],"_links":{"self":[{"href":"https:\/\/ase.be\/fr\/wp-json\/wp\/v2\/pages\/1587","targetHints":{"allow":["GET"]}}],"collection":[{"href":"https:\/\/ase.be\/fr\/wp-json\/wp\/v2\/pages"}],"about":[{"href":"https:\/\/ase.be\/fr\/wp-json\/wp\/v2\/types\/page"}],"author":[{"embeddable":true,"href":"https:\/\/ase.be\/fr\/wp-json\/wp\/v2\/users\/2"}],"replies":[{"embeddable":true,"href":"https:\/\/ase.be\/fr\/wp-json\/wp\/v2\/comments?post=1587"}],"version-history":[{"count":19,"href":"https:\/\/ase.be\/fr\/wp-json\/wp\/v2\/pages\/1587\/revisions"}],"predecessor-version":[{"id":1899,"href":"https:\/\/ase.be\/fr\/wp-json\/wp\/v2\/pages\/1587\/revisions\/1899"}],"up":[{"embeddable":true,"href":"https:\/\/ase.be\/fr\/wp-json\/wp\/v2\/pages\/1390"}],"wp:featuredmedia":[{"embeddable":true,"href":"https:\/\/ase.be\/fr\/wp-json\/wp\/v2\/media\/1263"}],"wp:attachment":[{"href":"https:\/\/ase.be\/fr\/wp-json\/wp\/v2\/media?parent=1587"}],"curies":[{"name":"wp","href":"https:\/\/api.w.org\/{rel}","templated":true}]}}