{"id":1416,"date":"2025-01-09T08:44:51","date_gmt":"2025-01-09T06:44:51","guid":{"rendered":"https:\/\/ase.be\/politique-de-confidentialite\/"},"modified":"2025-05-08T14:09:56","modified_gmt":"2025-05-08T12:09:56","slug":"politique-de-confidentialite","status":"publish","type":"page","link":"https:\/\/ase.be\/fr\/politique-de-confidentialite\/","title":{"rendered":"Politique de confidentialit\u00e9"},"content":{"rendered":"<div class=\"wpb-content-wrapper\"><p>[vc_row][vc_column width=\u00a0\u00bb2\/3&Prime;][vc_column_text uncode_shortcode_id=\u00a0\u00bb105976&Prime;]<em>Date d&rsquo;entr\u00e9e en vigueur : 1er janvier 2025<\/em><\/p>\n<p><strong>ASE<\/strong> (\u00ab\u00a0nous\u00a0\u00bb, \u00ab\u00a0nous\u00a0\u00bb ou \u00ab\u00a0notre\u00a0\u00bb) exploite le site web ASE.be (\u00ab\u00a0ci-apr\u00e8s d\u00e9nomm\u00e9 Service\u00a0\u00bb).<\/p>\n<p>Cette page contient des informations sur nos politiques concernant la collecte, l&rsquo;utilisation et la divulgation de vos donn\u00e9es personnelles lorsque vous utilisez notre service et les choix que vous avez concernant ces donn\u00e9es. <a href=\"https:\/\/www.freeprivacypolicy.com\/free-privacy-policy-generator.php\" target=\"_blank\" rel=\"noopener\">Politique de confidentialit\u00e9 via Free Privacy Policy<\/a>.<\/p>\n<p>Nous utilisons vos informations pour fournir et am\u00e9liorer le service. Lorsque vous utilisez le Service, vous consentez \u00e0 la collecte et \u00e0 l&rsquo;utilisation des informations conform\u00e9ment \u00e0 la pr\u00e9sente politique. Sauf indication contraire dans la pr\u00e9sente politique de confidentialit\u00e9, la terminologie utilis\u00e9e dans la pr\u00e9sente politique de confidentialit\u00e9 a la m\u00eame signification que dans nos conditions g\u00e9n\u00e9rales, disponibles \u00e0 l&rsquo;adresse ASE.be.  <\/p>\n<h3>D\u00e9finitions<\/h3>\n<ul>\n<li><strong>Service <\/strong>Par service, nous entendons le site web ASE.be exploit\u00e9 par ASE.<\/li>\n<li><strong>Donn\u00e9es d&rsquo;utilisation <\/strong>Par donn\u00e9es d&rsquo;utilisation, nous entendons les donn\u00e9es collect\u00e9es automatiquement et g\u00e9n\u00e9r\u00e9es par l&rsquo;utilisation du service ou de l&rsquo;infrastructure du service lui-m\u00eame (par exemple, la dur\u00e9e de la visite d&rsquo;une page).<\/li>\n<li><strong>Donn\u00e9es d&rsquo;utilisation <\/strong>Par donn\u00e9es d&rsquo;utilisation, nous entendons les donn\u00e9es collect\u00e9es automatiquement et g\u00e9n\u00e9r\u00e9es par l&rsquo;utilisation du service ou de l&rsquo;infrastructure du service lui-m\u00eame (par exemple, la dur\u00e9e de la visite d&rsquo;une page).<\/li>\n<li><strong>Cookies <\/strong>Les cookies sont des informations stock\u00e9es sur votre appareil (ordinateur ou appareil mobile).<\/li>\n<\/ul>\n<h3>Collecte et utilisation des donn\u00e9es<\/h3>\n<p>Nous collectons diff\u00e9rents types de donn\u00e9es \u00e0 diff\u00e9rentes fins afin de vous fournir notre service et de l&rsquo;am\u00e9liorer.<\/p>\n<h3>Types de donn\u00e9es collect\u00e9es<\/h3>\n<h4>Donn\u00e9es personnelles<\/h4>\n<p>Lorsque vous utilisez notre service, nous pouvons vous demander de nous fournir certaines informations personnellement identifiables qui peuvent \u00eatre utilis\u00e9es pour vous contacter ou vous identifier (\u00ab\u00a0donn\u00e9es personnelles\u00a0\u00bb). Ces informations personnellement identifiables peuvent inclure, sans s&rsquo;y limiter, les \u00e9l\u00e9ments suivants : <\/p>\n<ul>\n<li>Adresse \u00e9lectronique<\/li>\n<li>Pr\u00e9nom et nom<\/li>\n<li>Adresse, province, code postal, ville<\/li>\n<li>Cookies et donn\u00e9es d&rsquo;utilisation<\/li>\n<\/ul>\n<h4>Donn\u00e9es d&rsquo;utilisation<\/h4>\n<p>Ces donn\u00e9es d&rsquo;utilisation peuvent inclure des informations telles que l&rsquo;adresse de protocole Internet (adresse IP) de votre ordinateur, le type de navigateur, la version du navigateur, les pages que vous avez visit\u00e9es sur notre service, l&rsquo;heure et la date de votre visite, le temps que vous avez pass\u00e9 sur ces pages, les identifiants uniques de l&rsquo;appareil et d&rsquo;autres donn\u00e9es de diagnostic.<\/p>\n<h4>Donn\u00e9es de suivi et de cookies<\/h4>\n<p>Nous utilisons des cookies et des technologies de suivi similaires pour suivre l&rsquo;activit\u00e9 sur notre service et nous conservons certaines informations.<\/p>\n<p>Les cookies sont des fichiers contenant une petite quantit\u00e9 de donn\u00e9es qui peuvent contenir un identifiant unique anonyme. Les cookies sont envoy\u00e9s par un site web \u00e0 votre navigateur et stock\u00e9s sur votre appareil. D&rsquo;autres technologies de suivi telles que les balises, les tags et les scripts sont \u00e9galement utilis\u00e9es pour collecter et suivre les donn\u00e9es et pour am\u00e9liorer et analyser notre service.  <\/p>\n<p>Vous pouvez configurer votre navigateur pour qu&rsquo;il refuse tous les cookies ou pour qu&rsquo;il vous indique quand un cookie est envoy\u00e9. Toutefois, si vous n&rsquo;acceptez pas les cookies, il se peut que vous ne puissiez pas utiliser toutes les fonctionnalit\u00e9s de notre service. <\/p>\n<p>Exemples de cookies que nous utilisons :<\/p>\n<ul>\n<li><strong>Cookies de session.<\/strong>  Nous utilisons des cookies de session pour g\u00e9rer notre service.<\/li>\n<li><strong>Cookies pr\u00e9f\u00e9r\u00e9s.<\/strong>  Nous utilisons des cookies de pr\u00e9f\u00e9rence pour garder une trace de vos pr\u00e9f\u00e9rences et de vos diff\u00e9rents param\u00e8tres.<\/li>\n<li><strong>Cookies de s\u00e9curit\u00e9.<\/strong>  Nous utilisons des cookies de s\u00e9curit\u00e9 \u00e0 des fins de s\u00e9curit\u00e9.<\/li>\n<\/ul>\n<h3>Utilisation des donn\u00e9es<\/h3>\n<p>ASE utilise les donn\u00e9es collect\u00e9es \u00e0 diverses fins :<\/p>\n<ul>\n<li>Fournir et maintenir notre service<\/li>\n<li>Pour vous informer des changements apport\u00e9s \u00e0 notre service<\/li>\n<li>pour vous permettre de participer aux fonctions interactives de notre service, si vous le souhaitez<\/li>\n<li>Fournir une assistance \u00e0 nos clients<\/li>\n<li>Recueillir des donn\u00e9es analytiques ou pr\u00e9cieuses que nous pouvons utiliser pour am\u00e9liorer notre service.<\/li>\n<li>Contr\u00f4ler l&rsquo;utilisation de notre service<\/li>\n<li>D\u00e9tecter, pr\u00e9venir et traiter les probl\u00e8mes techniques<\/li>\n<li>Pour vous fournir des nouvelles, des offres sp\u00e9ciales et des informations g\u00e9n\u00e9rales sur nos biens, services et \u00e9v\u00e9nements similaires \u00e0 ceux que vous avez d\u00e9j\u00e0 achet\u00e9s ou sur lesquels vous avez demand\u00e9 des informations dans le pass\u00e9, \u00e0 moins que vous n&rsquo;ayez indiqu\u00e9 que vous ne souhaitiez pas recevoir de telles informations.<\/li>\n<li>Pour vous offrir une exp\u00e9rience publicitaire personnalis\u00e9e.<\/li>\n<\/ul>\n<h3>Transfert de donn\u00e9es<\/h3>\n<p>Vos donn\u00e9es, y compris les donn\u00e9es personnelles, peuvent \u00eatre transf\u00e9r\u00e9es et stock\u00e9es sur des ordinateurs situ\u00e9s en dehors de votre province, pays ou autre juridiction gouvernementale o\u00f9 les lois sur la protection des donn\u00e9es peuvent diff\u00e9rer de celles de votre juridiction.<\/p>\n<p>Veuillez noter que si vous \u00eates situ\u00e9 en dehors de la Belgique et que vous nous fournissez des donn\u00e9es, nous transf\u00e9rerons ces donn\u00e9es, y compris les donn\u00e9es \u00e0 caract\u00e8re personnel, vers la Belgique et les traiterons dans ce pays.<\/p>\n<p>Votre consentement \u00e0 la pr\u00e9sente politique de protection de la vie priv\u00e9e, suivi de la transmission de ces donn\u00e9es, indique que vous consentez \u00e0 ce transfert.<\/p>\n<p>ASE prendra toutes les mesures raisonnablement n\u00e9cessaires pour s&rsquo;assurer que vos donn\u00e9es sont trait\u00e9es en toute s\u00e9curit\u00e9 et conform\u00e9ment \u00e0 la pr\u00e9sente politique de confidentialit\u00e9 et que vos donn\u00e9es personnelles ne sont jamais transf\u00e9r\u00e9es \u00e0 une organisation ou \u00e0 un pays sans que des contr\u00f4les appropri\u00e9s soient mis en place, y compris la s\u00e9curit\u00e9 de vos donn\u00e9es et d&rsquo;autres donn\u00e9es personnelles.<\/p>\n<h3>Divulgation des donn\u00e9es<\/h3>\n<h4>Exigences l\u00e9gales<\/h4>\n<p>ASE peut divulguer vos donn\u00e9es personnelles si elle estime en toute bonne foi qu&rsquo;une telle action est n\u00e9cessaire :<\/p>\n<ul>\n<li>Pour se conformer \u00e0 une obligation l\u00e9gale<\/li>\n<li>Prot\u00e9ger et d\u00e9fendre les droits et les biens de l&rsquo;ASE<\/li>\n<li>pr\u00e9venir ou enqu\u00eater sur d&rsquo;\u00e9ventuels abus en rapport avec le service<\/li>\n<li>prot\u00e9ger la s\u00e9curit\u00e9 personnelle des utilisateurs du service ou du public<\/li>\n<li>Comme protection contre la responsabilit\u00e9 l\u00e9gale<\/li>\n<\/ul>\n<h3>S\u00e9curit\u00e9 des donn\u00e9es<\/h3>\n<p>La s\u00e9curit\u00e9 de vos donn\u00e9es est importante pour nous, mais n&rsquo;oubliez pas qu&rsquo;aucune m\u00e9thode de transmission sur Internet ou m\u00e9thode de stockage \u00e9lectronique n&rsquo;est s\u00fbre \u00e0 100 %. Bien que nous nous efforcions d&rsquo;appliquer des moyens commercialement acceptables pour prot\u00e9ger vos donn\u00e9es personnelles, nous ne pouvons pas garantir une s\u00e9curit\u00e9 absolue. <\/p>\n<h3>Fournisseurs de services<\/h3>\n<p>Nous pouvons d\u00e9signer des soci\u00e9t\u00e9s et des personnes tierces pour faciliter notre service (\u00ab\u00a0fournisseurs de services\u00a0\u00bb), pour fournir le service en notre nom, pour fournir des services en rapport avec notre service ou pour nous aider \u00e0 analyser la mani\u00e8re dont notre service est utilis\u00e9.<\/p>\n<p>Ces tiers n&rsquo;ont acc\u00e8s \u00e0 vos donn\u00e9es personnelles que pour effectuer ces t\u00e2ches en notre nom et ils ne peuvent pas les divulguer \u00e0 d&rsquo;autres personnes ou les utiliser \u00e0 d&rsquo;autres fins.<\/p>\n<h3>Analyse<\/h3>\n<p>Nous pouvons faire appel \u00e0 des prestataires de services tiers pour suivre et analyser l&rsquo;utilisation de notre service.<\/p>\n<ul>\n<li>Google <strong>Analytics <\/strong>Google Analytics est un service d&rsquo;analyse de site internet fourni par Google qui permet de suivre et de rapporter le trafic sur le site. Google utilise les donn\u00e9es collect\u00e9es pour suivre l&rsquo;utilisation de notre service. Ces donn\u00e9es sont partag\u00e9es avec d&rsquo;autres services de Google. Google peut utiliser les donn\u00e9es collect\u00e9es pour contextualiser et personnaliser les annonces de son propre r\u00e9seau publicitaire. Vous pouvez indiquer que vous ne souhaitez pas que votre activit\u00e9 sur le Service soit mise \u00e0 la disposition de Google Analytics en installant le module compl\u00e9mentaire de navigateur pour la d\u00e9sactivation de Google Analytics. Ce module compl\u00e9mentaire garantit que le JavaScript de Google Analytics (ga.js, analytics.js et dc.js) ne peut pas partager avec Google Analytics des informations sur votre activit\u00e9 sur Internet.Pour plus d&rsquo;informations sur les pratiques de Google en mati\u00e8re de confidentialit\u00e9, veuillez consulter la page Web de Google sur la confidentialit\u00e9 et les conditions d&rsquo;utilisation <a href=\"https:\/\/policies.google.com\/privacy?hl=en\" target=\"_blank\" rel=\"noopener\">: https:\/\/policies.google.com\/privacy?hl=en.<\/a>    <\/li>\n<li><strong>Hotjar<\/strong> Hotjar est un outil d&rsquo;analyse qui permet de cr\u00e9er des cartes thermiques.<\/li>\n<li><strong>Pixel Facebook<\/strong> Le pixel Facebook est un outil d&rsquo;analyse de Facebook.<\/li>\n<\/ul>\n<h3>Liens vers d&rsquo;autres sites<\/h3>\n<p>Notre service peut contenir des liens vers d&rsquo;autres sites qui ne sont pas exploit\u00e9s par nous. Si vous cliquez sur un lien provenant d&rsquo;une partie externe, vous serez dirig\u00e9 vers le site de cette partie externe. Nous vous encourageons vivement \u00e0 v\u00e9rifier la politique de confidentialit\u00e9 de tout site que vous visitez.  <\/p>\n<p>Nous n&rsquo;avons aucun contr\u00f4le et n&rsquo;acceptons aucune responsabilit\u00e9 en ce qui concerne le contenu, les politiques de confidentialit\u00e9 ou les pratiques des sites ou services de tiers.<\/p>\n<h3>Vie priv\u00e9e des enfants<\/h3>\n<p>Notre service ne s&rsquo;adresse pas aux personnes de moins de 18 ans (\u00ab\u00a0enfants\u00a0\u00bb).<\/p>\n<p>Nous ne recueillons jamais sciemment des informations personnelles identifiables aupr\u00e8s de personnes \u00e2g\u00e9es de moins de 18 ans. Si vous \u00eates un parent ou un tuteur et que vous constatez que votre enfant nous a fourni des donn\u00e9es personnelles, nous vous demandons de nous contacter. Si vous constatez que nous avons collect\u00e9 des donn\u00e9es personnelles aupr\u00e8s d&rsquo;enfants sans v\u00e9rification du contr\u00f4le parental, nous prendrons les mesures n\u00e9cessaires pour supprimer ces informations de nos serveurs.  <\/p>\n<h3>Modifications de la pr\u00e9sente politique de protection de la vie priv\u00e9e<\/h3>\n<p>Nous pouvons mettre \u00e0 jour notre politique de confidentialit\u00e9 de temps \u00e0 autre. Nous vous informerons de toute modification en publiant la nouvelle politique de confidentialit\u00e9 sur cette page. <\/p>\n<p>Nous vous informerons par courrier \u00e9lectronique et\/ou par un avis clair sur notre service avant que les modifications ne prennent effet et nous mettrons \u00e0 jour la \u00ab\u00a0date d&rsquo;entr\u00e9e en vigueur\u00a0\u00bb indiqu\u00e9e en haut de la pr\u00e9sente politique de confidentialit\u00e9.<\/p>\n<p>Nous vous encourageons \u00e0 consulter r\u00e9guli\u00e8rement la pr\u00e9sente politique de protection de la vie priv\u00e9e pour prendre connaissance d&rsquo;\u00e9ventuelles modifications. Les modifications apport\u00e9es \u00e0 la pr\u00e9sente politique de confidentialit\u00e9 prendront effet au moment o\u00f9 elles seront publi\u00e9es sur cette page. <\/p>\n<h3>Prenez contact avec nous<\/h3>\n<p>Si vous avez des questions concernant cette politique de confidentialit\u00e9, veuillez nous contacter :<\/p>\n<ul>\n<li>Par courrier \u00e9lectronique : info@ASE.be<\/li>\n<\/ul>\n<p>[\/vc_column_text][vc_empty_space empty_h=\u00a0\u00bb2&Prime;][\/vc_column][vc_column column_width_percent=\u00a0\u00bb100&Prime; gutter_size=\u00a0\u00bb3&Prime; overlay_alpha=\u00a0\u00bb50&Prime; shift_x=\u00a0\u00bb0&Prime; shift_y=\u00a0\u00bb0&Prime; shift_y_down=\u00a0\u00bb0&Prime; z_index=\u00a0\u00bb0&Prime; medium_visibility=\u00a0\u00bbyes\u00a0\u00bb medium_width=\u00a0\u00bb0&Prime; mobile_visibility=\u00a0\u00bbyes\u00a0\u00bb mobile_width=\u00a0\u00bb0&Prime; width=\u00a0\u00bb1\/3&Prime; uncode_shortcode_id=\u00a0\u00bb105263&Prime;][\/vc_column][\/vc_row]<\/p>\n<\/div>","protected":false},"excerpt":{"rendered":"<p>[vc_row][vc_column width=\u00a0\u00bb2\/3&Prime;][vc_column_text uncode_shortcode_id=\u00a0\u00bb105976&Prime;]Date d&rsquo;entr\u00e9e en vigueur : 1er janvier 2025 ASE (\u00ab\u00a0nous\u00a0\u00bb, \u00ab\u00a0nous\u00a0\u00bb ou \u00ab\u00a0notre\u00a0\u00bb) exploite le site web ASE.be [&hellip;]<\/p>\n","protected":false},"author":1,"featured_media":0,"parent":0,"menu_order":0,"comment_status":"closed","ping_status":"open","template":"","meta":{"_acf_changed":false,"footnotes":""},"class_list":["post-1416","page","type-page","status-publish","hentry"],"acf":[],"_links":{"self":[{"href":"https:\/\/ase.be\/fr\/wp-json\/wp\/v2\/pages\/1416","targetHints":{"allow":["GET"]}}],"collection":[{"href":"https:\/\/ase.be\/fr\/wp-json\/wp\/v2\/pages"}],"about":[{"href":"https:\/\/ase.be\/fr\/wp-json\/wp\/v2\/types\/page"}],"author":[{"embeddable":true,"href":"https:\/\/ase.be\/fr\/wp-json\/wp\/v2\/users\/1"}],"replies":[{"embeddable":true,"href":"https:\/\/ase.be\/fr\/wp-json\/wp\/v2\/comments?post=1416"}],"version-history":[{"count":10,"href":"https:\/\/ase.be\/fr\/wp-json\/wp\/v2\/pages\/1416\/revisions"}],"predecessor-version":[{"id":1433,"href":"https:\/\/ase.be\/fr\/wp-json\/wp\/v2\/pages\/1416\/revisions\/1433"}],"wp:attachment":[{"href":"https:\/\/ase.be\/fr\/wp-json\/wp\/v2\/media?parent=1416"}],"curies":[{"name":"wp","href":"https:\/\/api.w.org\/{rel}","templated":true}]}}