{"id":1408,"date":"2025-02-01T15:06:28","date_gmt":"2025-02-01T13:06:28","guid":{"rendered":"https:\/\/ase.be\/a-propos-de-nous\/"},"modified":"2025-06-18T17:24:29","modified_gmt":"2025-06-18T15:24:29","slug":"a-propos-de-nous","status":"publish","type":"page","link":"https:\/\/ase.be\/fr\/a-propos-de-nous\/","title":{"rendered":"A propos de nous"},"content":{"rendered":"<div class=\"wpb-content-wrapper\"><p>[vc_row row_height_percent=\u00a0\u00bb0&Prime; overlay_alpha=\u00a0\u00bb50&Prime; gutter_size=\u00a0\u00bb3&Prime; column_width_percent=\u00a0\u00bb100&Prime; shift_y=\u00a0\u00bb0&Prime; z_index=\u00a0\u00bb0&Prime; inverted_device_order=\u00a0\u00bbyes\u00a0\u00bb content_parallax=\u00a0\u00bb0&Prime; uncode_shortcode_id=\u00a0\u00bb192087&Prime;][vc_column column_width_percent=\u00a0\u00bb100&Prime; gutter_size=\u00a0\u00bb2&Prime; overlay_alpha=\u00a0\u00bb50&Prime; shift_x=\u00a0\u00bb0&Prime; shift_y=\u00a0\u00bb0&Prime; shift_y_down=\u00a0\u00bb0&Prime; z_index=\u00a0\u00bb0&Prime; medium_width=\u00a0\u00bb0&Prime; mobile_width=\u00a0\u00bb0&Prime; width=\u00a0\u00bb5\/12&Prime; uncode_shortcode_id=\u00a0\u00bb957825&Prime;][uncode_breadcrumbs text_lead=\u00a0\u00bbsmall\u00a0\u00bb][vc_custom_heading auto_text=\u00a0\u00bbyes\u00a0\u00bb heading_semantic=\u00a0\u00bbh1&Prime; text_size=\u00a0\u00bbh1&Prime; uncode_shortcode_id=\u00a0\u00bb186662&Prime;][\/vc_custom_heading][vc_column_text auto_text=\u00a0\u00bbexcerpt\u00a0\u00bb text_lead=\u00a0\u00bbyes\u00a0\u00bb uncode_shortcode_id=\u00a0\u00bb118029&Prime;][\/vc_column_text][vc_column_text text_lead=\u00a0\u00bbyes\u00a0\u00bb uncode_shortcode_id=\u00a0\u00bb854424&Prime;]Chez ASE, nous savons que chaque \u00e9v\u00e9nement est unique. C&rsquo;est pourquoi nous proposons une large gamme de sc\u00e8nes de tailles et de types diff\u00e9rents, parfaitement adapt\u00e9es \u00e0 vos besoins et \u00e0 vos exigences.<\/p>\n<p>Qu&rsquo;il s&rsquo;agisse d&rsquo;un concert intime, d&rsquo;un \u00e9v\u00e9nement d&rsquo;entreprise ou d&rsquo;un festival de grande envergure, nous avons la sc\u00e8ne qui convient \u00e0 chaque situation.[\/vc_column_text][\/vc_column][vc_column width=\u00a0\u00bb7\/12&Prime;][vc_single_image media=\u00a0\u00bb738&Prime; media_width_percent=\u00a0\u00bb100&Prime; uncode_shortcode_id=\u00a0\u00bb120974&Prime;][\/vc_column][\/vc_row][vc_row][vc_column width=\u00a0\u00bb7\/12&Prime;][vc_single_image media=\u00a0\u00bb2257&Prime; media_width_percent=\u00a0\u00bb100&Prime; media_ratio=\u00a0\u00bbthree-four\u00a0\u00bb uncode_shortcode_id=\u00a0\u00bb710597&Prime;][\/vc_column][vc_column column_width_percent=\u00a0\u00bb100&Prime; position_vertical=\u00a0\u00bbmiddle\u00a0\u00bb gutter_size=\u00a0\u00bb2&Prime; overlay_alpha=\u00a0\u00bb50&Prime; shift_x=\u00a0\u00bb0&Prime; shift_y=\u00a0\u00bb0&Prime; shift_y_down=\u00a0\u00bb0&Prime; z_index=\u00a0\u00bb0&Prime; medium_width=\u00a0\u00bb0&Prime; mobile_width=\u00a0\u00bb0&Prime; width=\u00a0\u00bb5\/12&Prime; uncode_shortcode_id=\u00a0\u00bb469490&Prime;][vc_custom_heading text_transform=\u00a0\u00bbuppercase\u00a0\u00bb uncode_shortcode_id=\u00a0\u00bb159990&Prime;]M\u00e9thodologie[\/vc_custom_heading][vc_column_text text_lead=\u00a0\u00bbyes\u00a0\u00bb uncode_shortcode_id=\u00a0\u00bb763593&Prime;]L&rsquo;accent mis sur le service et la flexibilit\u00e9 caract\u00e9rise la vision de l&rsquo;\u00e9tablissement de relations \u00e0 long terme avec les clients. L&rsquo;\u00e9quipe d&#8217;employ\u00e9s loyaux et motiv\u00e9s constitue un point de contact unique pour l&rsquo;ensemble du processus, de l&rsquo;entretien d&rsquo;admission au r\u00e9sultat final.<\/p>\n<p>En outre, il est possible de faire appel \u00e0 l&rsquo;expertise interne pour pr\u00e9parer les dessins techniques et effectuer des calculs de stabilit\u00e9 d\u00e9taill\u00e9s.[\/vc_column_text][\/vc_column][\/vc_row][vc_row][vc_column width=\u00a0\u00bb1\/1&Prime;][uncode_block id=\u00a0\u00bb61&Prime;][\/vc_column][\/vc_row]<\/p>\n<\/div>","protected":false},"excerpt":{"rendered":"<p>En tant que partenaire fiable, ASE op\u00e8re principalement au Benelux et en France en fournissant et en construisant des sc\u00e8nes de concert et des structures temporaires de haute qualit\u00e9.<\/p>\n","protected":false},"author":1,"featured_media":1368,"parent":0,"menu_order":0,"comment_status":"closed","ping_status":"closed","template":"","meta":{"_acf_changed":false,"footnotes":""},"class_list":["post-1408","page","type-page","status-publish","has-post-thumbnail","hentry","page_category-info-fr"],"acf":[],"_links":{"self":[{"href":"https:\/\/ase.be\/fr\/wp-json\/wp\/v2\/pages\/1408","targetHints":{"allow":["GET"]}}],"collection":[{"href":"https:\/\/ase.be\/fr\/wp-json\/wp\/v2\/pages"}],"about":[{"href":"https:\/\/ase.be\/fr\/wp-json\/wp\/v2\/types\/page"}],"author":[{"embeddable":true,"href":"https:\/\/ase.be\/fr\/wp-json\/wp\/v2\/users\/1"}],"replies":[{"embeddable":true,"href":"https:\/\/ase.be\/fr\/wp-json\/wp\/v2\/comments?post=1408"}],"version-history":[{"count":16,"href":"https:\/\/ase.be\/fr\/wp-json\/wp\/v2\/pages\/1408\/revisions"}],"predecessor-version":[{"id":2261,"href":"https:\/\/ase.be\/fr\/wp-json\/wp\/v2\/pages\/1408\/revisions\/2261"}],"wp:featuredmedia":[{"embeddable":true,"href":"https:\/\/ase.be\/fr\/wp-json\/wp\/v2\/media\/1368"}],"wp:attachment":[{"href":"https:\/\/ase.be\/fr\/wp-json\/wp\/v2\/media?parent=1408"}],"curies":[{"name":"wp","href":"https:\/\/api.w.org\/{rel}","templated":true}]}}