{"id":1402,"date":"2025-02-01T15:07:11","date_gmt":"2025-02-01T13:07:11","guid":{"rendered":"https:\/\/ase.be\/emplois\/"},"modified":"2025-06-11T14:41:40","modified_gmt":"2025-06-11T12:41:40","slug":"emplois","status":"publish","type":"page","link":"https:\/\/ase.be\/fr\/emplois\/","title":{"rendered":"Emplois"},"content":{"rendered":"<div class=\"wpb-content-wrapper\"><p>[vc_row row_height_percent=\u00a0\u00bb0&Prime; overlay_alpha=\u00a0\u00bb50&Prime; gutter_size=\u00a0\u00bb3&Prime; column_width_percent=\u00a0\u00bb100&Prime; shift_y=\u00a0\u00bb0&Prime; z_index=\u00a0\u00bb0&Prime; inverted_device_order=\u00a0\u00bbyes\u00a0\u00bb content_parallax=\u00a0\u00bb0&Prime; uncode_shortcode_id=\u00a0\u00bb148174&Prime;][vc_column width=\u00a0\u00bb2\/3&Prime;][uncode_index el_id=\u00a0\u00bbindex-249995&Prime; index_type=\u00a0\u00bbcss_grid\u00a0\u00bb loop=\u00a0\u00bbsize:All|order_by:date|post_type:job|taxonomy_count:10&Prime; grid_items=\u00a0\u00bb1&Prime; screen_lg_items=\u00a0\u00bb1&Prime; screen_lg_breakpoint=\u00a0\u00bb1000&Prime; screen_md_items=\u00a0\u00bb1&Prime; screen_md_breakpoint=\u00a0\u00bb600&Prime; screen_sm_items=\u00a0\u00bb1&Prime; screen_sm_breakpoint=\u00a0\u00bb480&Prime; gutter_size=\u00a0\u00bb3&Prime; post_items=\u00a0\u00bbmedia|featured|onpost|original,title,text|excerpt,link|default|default_size|scale_mobile|default_width|default_outline|Solliciteer nu\u00a0\u00bb job_items=\u00a0\u00bbmedia|featured|onpost|original,title,text|excerpt,link|default|default_size|scale_mobile|default_width|default_outline|Postulez\u00a0\u00bb single_text=\u00a0\u00bblateral\u00a0\u00bb css_grid_images_size=\u00a0\u00bbfive-four\u00a0\u00bb single_image_size=\u00a0\u00bb4&Prime; single_overlay_opacity=\u00a0\u00bb10&Prime; single_vertical_text=\u00a0\u00bbmiddle\u00a0\u00bb single_padding=\u00a0\u00bb2&Prime; single_title_family=\u00a0\u00bbfont-131994&Prime; single_title_dimension=\u00a0\u00bbh3&Prime; single_title_weight=\u00a0\u00bb700&Prime; single_title_transform=\u00a0\u00bbuppercase\u00a0\u00bb single_border=\u00a0\u00bbyes\u00a0\u00bb no_double_tap=\u00a0\u00bbyes\u00a0\u00bb uncode_shortcode_id=\u00a0\u00bb810235&Prime; el_class=\u00a0\u00bbpostblock postblockjobs\u00a0\u00bb][\/vc_column][vc_column column_width_percent=\u00a0\u00bb100&Prime; align_horizontal=\u00a0\u00bbalign_center\u00a0\u00bb gutter_size=\u00a0\u00bb2&Prime; overlay_color=\u00a0\u00bbcolor-xsdn\u00a0\u00bb overlay_alpha=\u00a0\u00bb90&Prime; shift_x=\u00a0\u00bb0&Prime; shift_y=\u00a0\u00bb0&Prime; shift_y_down=\u00a0\u00bb0&Prime; z_index=\u00a0\u00bb0&Prime; medium_width=\u00a0\u00bb0&Prime; mobile_width=\u00a0\u00bb0&Prime; sticky=\u00a0\u00bbyes\u00a0\u00bb width=\u00a0\u00bb1\/3&Prime; uncode_shortcode_id=\u00a0\u00bb891725&Prime; overlay_color_type=\u00a0\u00bbuncode-palette\u00a0\u00bb][vc_row_inner][vc_column_inner column_width_percent=\u00a0\u00bb100&Prime; align_horizontal=\u00a0\u00bbalign_center\u00a0\u00bb gutter_size=\u00a0\u00bb2&Prime; back_color=\u00a0\u00bbaccent\u00a0\u00bb overlay_color=\u00a0\u00bbcolor-xsdn\u00a0\u00bb overlay_alpha=\u00a0\u00bb90&Prime; shift_x=\u00a0\u00bb0&Prime; shift_y=\u00a0\u00bb0&Prime; shift_y_down=\u00a0\u00bb0&Prime; z_index=\u00a0\u00bb0&Prime; medium_width=\u00a0\u00bb0&Prime; mobile_width=\u00a0\u00bb0&Prime; width=\u00a0\u00bb1\/1&Prime; uncode_shortcode_id=\u00a0\u00bb674569&Prime; back_color_type=\u00a0\u00bbuncode-palette\u00a0\u00bb overlay_color_type=\u00a0\u00bbuncode-palette\u00a0\u00bb][vc_custom_heading text_font=\u00a0\u00bbfont-131994&Prime; text_transform=\u00a0\u00bbuppercase\u00a0\u00bb uncode_shortcode_id=\u00a0\u00bb186713&Prime;]Postulez maintenant[\/vc_custom_heading][vc_column_text uncode_shortcode_id=\u00a0\u00bb938853&Prime;]Candidature spontan\u00e9e ? Remplissez le formulaire d\u00e8s maintenant ![\/vc_column_text][vc_button border_width=\u00a0\u00bb0&Prime; uncode_shortcode_id=\u00a0\u00bb134404&Prime; link=\u00a0\u00bburl:https%3A%2F%2Fase.be%2Fsolliciteer-nu%2F|title:Postulez%20maintenant|\u00a0\u00bb]Postulez maintenant[\/vc_button][\/vc_column_inner][\/vc_row_inner][uncode_share layout=\u00a0\u00bbmultiple\u00a0\u00bb][\/vc_column][\/vc_row][vc_row unlock_row_content=\u00a0\u00bbyes\u00a0\u00bb row_height_percent=\u00a0\u00bb0&Prime; override_padding=\u00a0\u00bbyes\u00a0\u00bb h_padding=\u00a0\u00bb0&Prime; top_padding=\u00a0\u00bb2&Prime; bottom_padding=\u00a0\u00bb2&Prime; overlay_alpha=\u00a0\u00bb50&Prime; gutter_size=\u00a0\u00bb3&Prime; column_width_percent=\u00a0\u00bb100&Prime; shift_y=\u00a0\u00bb0&Prime; z_index=\u00a0\u00bb0&Prime; content_parallax=\u00a0\u00bb0&Prime; uncode_shortcode_id=\u00a0\u00bb200222&Prime;][vc_column width=\u00a0\u00bb1\/1&Prime;][vc_separator sep_color=\u00a0\u00bb\u00a0\u00bb uncode_shortcode_id=\u00a0\u00bb157456&Prime;][\/vc_column][\/vc_row]<\/p>\n<\/div>","protected":false},"excerpt":{"rendered":"<p>Nous ne recrutons pas pour le talent, mais pour l&rsquo;attitude. Rejoignez notre \u00e9quipe et d\u00e9couvrez ce que c&rsquo;est que de travailler dans un secteur qui n&rsquo;est jamais fig\u00e9, dans une entreprise qui regarde toujours vers l&rsquo;avant ! <\/p>\n","protected":false},"author":1,"featured_media":1367,"parent":0,"menu_order":0,"comment_status":"closed","ping_status":"closed","template":"","meta":{"_acf_changed":false,"footnotes":""},"class_list":["post-1402","page","type-page","status-publish","has-post-thumbnail","hentry","page_category-info-fr"],"acf":[],"_links":{"self":[{"href":"https:\/\/ase.be\/fr\/wp-json\/wp\/v2\/pages\/1402","targetHints":{"allow":["GET"]}}],"collection":[{"href":"https:\/\/ase.be\/fr\/wp-json\/wp\/v2\/pages"}],"about":[{"href":"https:\/\/ase.be\/fr\/wp-json\/wp\/v2\/types\/page"}],"author":[{"embeddable":true,"href":"https:\/\/ase.be\/fr\/wp-json\/wp\/v2\/users\/1"}],"replies":[{"embeddable":true,"href":"https:\/\/ase.be\/fr\/wp-json\/wp\/v2\/comments?post=1402"}],"version-history":[{"count":4,"href":"https:\/\/ase.be\/fr\/wp-json\/wp\/v2\/pages\/1402\/revisions"}],"predecessor-version":[{"id":2177,"href":"https:\/\/ase.be\/fr\/wp-json\/wp\/v2\/pages\/1402\/revisions\/2177"}],"wp:featuredmedia":[{"embeddable":true,"href":"https:\/\/ase.be\/fr\/wp-json\/wp\/v2\/media\/1367"}],"wp:attachment":[{"href":"https:\/\/ase.be\/fr\/wp-json\/wp\/v2\/media?parent=1402"}],"curies":[{"name":"wp","href":"https:\/\/api.w.org\/{rel}","templated":true}]}}