{"id":1390,"date":"2025-02-01T15:06:05","date_gmt":"2025-02-01T13:06:05","guid":{"rendered":"https:\/\/ase.be\/offre\/"},"modified":"2025-06-11T13:46:37","modified_gmt":"2025-06-11T11:46:37","slug":"offre","status":"publish","type":"page","link":"https:\/\/ase.be\/fr\/offre\/","title":{"rendered":"Offre"},"content":{"rendered":"<div class=\"wpb-content-wrapper\"><p>[vc_row][vc_column width=\u00a0\u00bb1\/1&Prime;][uncode_block id=\u00a0\u00bb1385&Prime;][\/vc_column][\/vc_row]<\/p>\n<\/div>","protected":false},"excerpt":{"rendered":"<p>Gr\u00e2ce \u00e0 nos solutions flexibles et fiables, nous veillons \u00e0 ce que votre \u00e9v\u00e9nement ne soit pas seulement solide, mais qu&rsquo;il laisse aussi une impression inoubliable. Nous vous proposons des solutions personnalis\u00e9es dans un souci de qualit\u00e9, de s\u00e9curit\u00e9 et de flexibilit\u00e9. <\/p>\n","protected":false},"author":1,"featured_media":0,"parent":0,"menu_order":0,"comment_status":"closed","ping_status":"closed","template":"","meta":{"_acf_changed":false,"footnotes":""},"class_list":["post-1390","page","type-page","status-publish","hentry"],"acf":[],"_links":{"self":[{"href":"https:\/\/ase.be\/fr\/wp-json\/wp\/v2\/pages\/1390","targetHints":{"allow":["GET"]}}],"collection":[{"href":"https:\/\/ase.be\/fr\/wp-json\/wp\/v2\/pages"}],"about":[{"href":"https:\/\/ase.be\/fr\/wp-json\/wp\/v2\/types\/page"}],"author":[{"embeddable":true,"href":"https:\/\/ase.be\/fr\/wp-json\/wp\/v2\/users\/1"}],"replies":[{"embeddable":true,"href":"https:\/\/ase.be\/fr\/wp-json\/wp\/v2\/comments?post=1390"}],"version-history":[{"count":3,"href":"https:\/\/ase.be\/fr\/wp-json\/wp\/v2\/pages\/1390\/revisions"}],"predecessor-version":[{"id":2173,"href":"https:\/\/ase.be\/fr\/wp-json\/wp\/v2\/pages\/1390\/revisions\/2173"}],"wp:attachment":[{"href":"https:\/\/ase.be\/fr\/wp-json\/wp\/v2\/media?parent=1390"}],"curies":[{"name":"wp","href":"https:\/\/api.w.org\/{rel}","templated":true}]}}